


{"id":510,"date":"2016-05-10T03:48:21","date_gmt":"2016-05-10T01:48:21","guid":{"rendered":"https:\/\/ecochestnut.eu\/ecochestnut\/"},"modified":"2022-10-13T12:15:30","modified_gmt":"2022-10-13T10:15:30","slug":"ecochestnut","status":"publish","type":"page","link":"https:\/\/ecochestnut.eu\/pt-pt\/","title":{"rendered":"Home"},"content":{"rendered":"<p>[vc_row css_animation=&#8221;&#8221; row_type=&#8221;row&#8221; use_row_as_full_screen_section=&#8221;no&#8221; type=&#8221;grid&#8221; angled_section=&#8221;no&#8221; text_align=&#8221;left&#8221; background_image_as_pattern=&#8221;without_pattern&#8221; z_index=&#8221;&#8221;][vc_column width=&#8221;1\/6&#8243;][\/vc_column][vc_column width=&#8221;2\/3&#8243;][vc_column_text]<\/p>\n<h3>Acompanhamento e apoio aos produtores europeus de castanha em modo de produ\u00e7\u00e3o biol\u00f3gico.<\/h3>\n<p>&nbsp;<\/p>\n<p>O projeto EcoChestnut visa fomentar as oportunidades de desenvolvimento e aumentar o potencial de crescimento dos produtores de castanha e produtores de produtos \u00e0 base castanha da Europa.<\/p>\n<p>&nbsp;<\/p>\n<p>O resultado principal do EcoChestnut \u00e9 o desenvolvimento de um curso on-line, abrangente e personalizado sobre a produ\u00e7\u00e3o de castanhas em modo biol\u00f3gico e a produ\u00e7\u00e3o e desenvolvimento de produtos \u00e0 base castanha. O curso pretende tamb\u00e9m aprimorar as compet\u00eancias em estrat\u00e9gia de marketing e comunica\u00e7\u00e3o com os consumidores e a diversifica\u00e7\u00e3o das atividades.<\/p>\n<p>&nbsp;<\/p>\n<p>O projeto EcoChestnut apoia agricultores e produtores no desenvolvimento do seu potencial de produ\u00e7\u00e3o e promo\u00e7\u00e3o de castanha biol\u00f3gica e produtos \u00e0 base de castanha. O EcoChestnut tamb\u00e9m fornecer\u00e1 aos formadores profissionais m\u00e9todos e materiais pedag\u00f3gicos para apoiar os agricultores nas suas iniciativas.[\/vc_column_text][vc_empty_space][\/vc_column][vc_column width=&#8221;1\/6&#8243;][vc_column_text]<a href=\"https:\/\/ecochestnut.eu\/wp-content\/uploads\/2022\/10\/ecochestnut-brochure-PT.pdf\"><img loading=\"lazy\" decoding=\"async\" class=\"alignleft size-thumbnail wp-image-1494\" src=\"https:\/\/ecochestnut.eu\/wp-content\/uploads\/2022\/10\/favicon-boost-150x150.png\" alt=\"\" width=\"150\" height=\"150\" srcset=\"https:\/\/ecochestnut.eu\/wp-content\/uploads\/2022\/10\/favicon-boost-150x150.png 150w, https:\/\/ecochestnut.eu\/wp-content\/uploads\/2022\/10\/favicon-boost-570x570.png 570w, https:\/\/ecochestnut.eu\/wp-content\/uploads\/2022\/10\/favicon-boost-500x500.png 500w, https:\/\/ecochestnut.eu\/wp-content\/uploads\/2022\/10\/favicon-boost-700x700.png 700w, https:\/\/ecochestnut.eu\/wp-content\/uploads\/2022\/10\/favicon-boost.png 732w\" sizes=\"auto, (max-width: 150px) 100vw, 150px\" \/><\/a><\/p>\n<p>&nbsp;<\/p>\n<p>&nbsp;<\/p>\n<p>&nbsp;<\/p>\n<p>&nbsp;<\/p>\n<p>&nbsp;<\/p>\n<h4><a href=\"https:\/\/ecochestnut.eu\/wp-content\/uploads\/2022\/10\/ecochestnut-brochure-PT.pdf\">EcoChestnut em poucas palavra<\/a>s<\/h4>\n<p>[\/vc_column_text][\/vc_column][\/vc_row][vc_row css_animation=&#8221;&#8221; row_type=&#8221;row&#8221; use_row_as_full_screen_section=&#8221;no&#8221; type=&#8221;grid&#8221; angled_section=&#8221;no&#8221; text_align=&#8221;left&#8221; background_image_as_pattern=&#8221;without_pattern&#8221; z_index=&#8221;&#8221; css=&#8221;.vc_custom_1605426227056{padding-top: 32px !important;padding-bottom: 32px !important;background-color: #fff1d3 !important;}&#8221;][vc_column width=&#8221;1\/5&#8243;][\/vc_column][vc_column width=&#8221;1\/5&#8243;][vc_column_text]<a href=\"https:\/\/ecochestnut.eu\/wp-content\/uploads\/2021\/02\/eco-chestnut-NL1-PT.pdf\" class=\"pdfemb-viewer\" style=\"\" data-width=\"max\" data-height=\"max\" data-toolbar=\"bottom\" data-toolbar-fixed=\"off\">eco chestnut NL1_english<\/a><\/p>\n<p>&nbsp;<\/p>\n<p style=\"text-align: center;\"><strong><a href=\"https:\/\/ecochestnut.eu\/wp-content\/uploads\/2021\/02\/eco-chestnut-NL1-PT.pdf\" target=\"_blank\" rel=\"noopener noreferrer\">Download pdf<\/a><\/strong><\/p>\n<p>[\/vc_column_text][\/vc_column][vc_column width=&#8221;1\/5&#8243;][vc_column_text]<a href=\"https:\/\/ecochestnut.eu\/wp-content\/uploads\/2021\/05\/eco-chestnut-NL2_portugues.pdf\" class=\"pdfemb-viewer\" style=\"\" data-width=\"max\" data-height=\"max\" data-toolbar=\"bottom\" data-toolbar-fixed=\"off\">eco chestnut NL2_portugues<\/a><\/p>\n<p>&nbsp;<\/p>\n<p style=\"text-align: center;\"><strong><a href=\"https:\/\/ecochestnut.eu\/wp-content\/uploads\/2021\/05\/eco-chestnut-NL2_portugues.pdf&quot;\" target=\"_blank\" rel=\"noopener noreferrer\">Download pdf<\/a><\/strong><\/p>\n<p>[\/vc_column_text][\/vc_column][vc_column width=&#8221;1\/5&#8243;][vc_column_text]<a href=\"https:\/\/ecochestnut.eu\/wp-content\/uploads\/2022\/01\/eco-chestnut-NL3_portuguese-Final.pdf\" class=\"pdfemb-viewer\" style=\"\" data-width=\"max\" data-height=\"max\" data-toolbar=\"bottom\" data-toolbar-fixed=\"off\">eco chestnut NL3_portugues<\/a><\/p>\n<p>&nbsp;<\/p>\n<p style=\"text-align: center;\"><strong><a href=\"https:\/\/ecochestnut.eu\/wp-content\/uploads\/2022\/01\/eco-chestnut-NL3_portuguese-Final.pdf\" target=\"_blank\" rel=\"noopener noreferrer\">Download pdf<\/a><\/strong><\/p>\n<p>[\/vc_column_text][\/vc_column][vc_column width=&#8221;1\/5&#8243;][\/vc_column][\/vc_row]<\/p>\n","protected":false},"excerpt":{"rendered":"<p>[vc_row css_animation=&#8221;&#8221; row_type=&#8221;row&#8221; use_row_as_full_screen_section=&#8221;no&#8221; type=&#8221;grid&#8221; angled_section=&#8221;no&#8221; text_align=&#8221;left&#8221; background_image_as_pattern=&#8221;without_pattern&#8221; z_index=&#8221;&#8221;][vc_column width=&#8221;1\/6&#8243;][\/vc_column][vc_column width=&#8221;2\/3&#8243;][vc_column_text] Acompanhamento e apoio aos produtores europeus de castanha em modo de produ\u00e7\u00e3o biol\u00f3gico. &nbsp; O projeto EcoChestnut visa fomentar as oportunidades de desenvolvimento e aumentar o potencial de crescimento dos produtores de castanha e&#8230;<\/p>\n","protected":false},"author":1,"featured_media":0,"parent":0,"menu_order":0,"comment_status":"closed","ping_status":"closed","template":"full_width.php","meta":{"footnotes":""},"class_list":["post-510","page","type-page","status-publish","hentry"],"_links":{"self":[{"href":"https:\/\/ecochestnut.eu\/pt-pt\/wp-json\/wp\/v2\/pages\/510","targetHints":{"allow":["GET"]}}],"collection":[{"href":"https:\/\/ecochestnut.eu\/pt-pt\/wp-json\/wp\/v2\/pages"}],"about":[{"href":"https:\/\/ecochestnut.eu\/pt-pt\/wp-json\/wp\/v2\/types\/page"}],"author":[{"embeddable":true,"href":"https:\/\/ecochestnut.eu\/pt-pt\/wp-json\/wp\/v2\/users\/1"}],"replies":[{"embeddable":true,"href":"https:\/\/ecochestnut.eu\/pt-pt\/wp-json\/wp\/v2\/comments?post=510"}],"version-history":[{"count":0,"href":"https:\/\/ecochestnut.eu\/pt-pt\/wp-json\/wp\/v2\/pages\/510\/revisions"}],"wp:attachment":[{"href":"https:\/\/ecochestnut.eu\/pt-pt\/wp-json\/wp\/v2\/media?parent=510"}],"curies":[{"name":"wp","href":"https:\/\/api.w.org\/{rel}","templated":true}]}}