


{"id":498,"date":"2020-04-13T07:44:32","date_gmt":"2020-04-13T05:44:32","guid":{"rendered":"https:\/\/ecochestnut.eu\/downloads\/"},"modified":"2022-10-27T14:08:19","modified_gmt":"2022-10-27T12:08:19","slug":"telechargements","status":"publish","type":"page","link":"https:\/\/ecochestnut.eu\/fr\/telechargements\/","title":{"rendered":"Les Outils EcoChestnut"},"content":{"rendered":"<p>[vc_row css_animation=\u00a0\u00bb\u00a0\u00bb row_type=\u00a0\u00bbrow\u00a0\u00bb use_row_as_full_screen_section=\u00a0\u00bbno\u00a0\u00bb type=\u00a0\u00bbfull_width\u00a0\u00bb angled_section=\u00a0\u00bbno\u00a0\u00bb text_align=\u00a0\u00bbleft\u00a0\u00bb background_image_as_pattern=\u00a0\u00bbwithout_pattern\u00a0\u00bb][vc_column width=\u00a0\u00bb1\/2&Prime;][vc_column_text]<\/p>\n<h4>Pour les formateurs : le <a href=\"https:\/\/ecochestnut.eu\/wp-content\/uploads\/2022\/10\/IO-3-Manual-Trainers-FR-Final-version.pdf\"><strong>Manuel EcoChestnut pour les formateurs <\/strong><\/a><\/h4>\n<p>&nbsp;<\/p>\n<p>Le manuel des formateurs EcoChestnut est un guide destin\u00e9 aux formateurs des producteurs de ch\u00e2taignes et \u00e0 toutes les organisations de soutien qui souhaitent utiliser le cours EcoChestnut pour fournir une assistance suppl\u00e9mentaire \u00e0 leurs membres. Il fournit aux formateurs des instructions m\u00e9thodologiques sur la fa\u00e7on de conduire le cours de formation EcoChestnut et met l&rsquo;accent sur sa modularit\u00e9. Ce manuel vise \u00e0 guider les formateurs et les consultants \u00e0 travers les multiples \u00e9l\u00e9ments du cours de formation EcoChestnut. Il les aide \u00e0 pr\u00e9parer leur session de formation, ainsi qu&rsquo;\u00e0 mieux pr\u00e9senter le potentiel de la plateforme \u00e0 leurs apprenants. Le manuel est disponible en anglais, bulgare, fran\u00e7ais, grec, portugais et espagnol.<\/p>\n<h4><a href=\"https:\/\/ecochestnut.eu\/wp-content\/uploads\/2022\/10\/IO-3-Manual-Trainers-FR-Final-version.pdf\"><img loading=\"lazy\" decoding=\"async\" class=\"alignleft wp-image-1442\" title=\"Manuel formateurs\" src=\"https:\/\/ecochestnut.eu\/wp-content\/uploads\/2020\/04\/favicon-150x150.png\" alt=\"Manuel formateurs\" width=\"61\" height=\"61\" srcset=\"https:\/\/ecochestnut.eu\/wp-content\/uploads\/2020\/04\/favicon-150x150.png 150w, https:\/\/ecochestnut.eu\/wp-content\/uploads\/2020\/04\/favicon-570x570.png 570w, https:\/\/ecochestnut.eu\/wp-content\/uploads\/2020\/04\/favicon-500x500.png 500w, https:\/\/ecochestnut.eu\/wp-content\/uploads\/2020\/04\/favicon-700x700.png 700w, https:\/\/ecochestnut.eu\/wp-content\/uploads\/2020\/04\/favicon.png 732w\" sizes=\"auto, (max-width: 61px) 100vw, 61px\" \/><\/a><\/h4>\n<h4><\/h4>\n<h4><\/h4>\n<p>&nbsp;<\/p>\n<p>&nbsp;<\/p>\n<p>&nbsp;<\/p>\n<p>&nbsp;<\/p>\n<h4>Pour les agriculteurs et les producteurs de ch\u00e2taignes : le <strong><a href=\"https:\/\/ecochestnut.eu\/wp-content\/uploads\/2022\/10\/IO-5-EcoChestnut_Guidebook_FR_ALLFINAL.pdf\">Guide EcoChestnut sur la certification des ch\u00e2taignes biolo<\/a>giques<\/strong><\/h4>\n<p>&nbsp;<\/p>\n<p>L&rsquo;objectif principal du guide EcoChestnut est de fournir aux producteurs de ch\u00e2taignes des informations sur la mani\u00e8re de certifier leurs ch\u00e2taignes en tant que produit biologique. Il comprend uniquement les informations pertinentes pour d\u00e9crire l&rsquo;ensemble du processus, \u00e9tape par \u00e9tape, ainsi que des informations sur le co\u00fbt moyen de la proc\u00e9dure. Ce guide devrait aider les producteurs de ch\u00e2taignes et de produits \u00e0 base de ch\u00e2taignes \u00e0 se familiariser avec la proc\u00e9dure et \u00e0 d\u00e9cider, ou non, de s&rsquo;engager dans la voie de la certification. Le Guide fournit \u00e9galement aux producteurs une information br\u00e8ve et cibl\u00e9e sur le contenu du cours de formation, offrant une vue d&rsquo;ensemble du cours EcoChesnut.<\/p>\n<h4><a href=\"https:\/\/ecochestnut.eu\/wp-content\/uploads\/2022\/10\/IO-5-EcoChestnut_Guidebook_FR_ALLFINAL.pdf\"><img loading=\"lazy\" decoding=\"async\" class=\"alignleft wp-image-1442\" title=\"EcoChestnut_Guide certification\" src=\"https:\/\/ecochestnut.eu\/wp-content\/uploads\/2020\/04\/favicon-150x150.png\" alt=\"EcoChestnut_Guide certification\" width=\"61\" height=\"61\" srcset=\"https:\/\/ecochestnut.eu\/wp-content\/uploads\/2020\/04\/favicon-150x150.png 150w, https:\/\/ecochestnut.eu\/wp-content\/uploads\/2020\/04\/favicon-570x570.png 570w, https:\/\/ecochestnut.eu\/wp-content\/uploads\/2020\/04\/favicon-500x500.png 500w, https:\/\/ecochestnut.eu\/wp-content\/uploads\/2020\/04\/favicon-700x700.png 700w, https:\/\/ecochestnut.eu\/wp-content\/uploads\/2020\/04\/favicon.png 732w\" sizes=\"auto, (max-width: 61px) 100vw, 61px\" \/><\/a><\/h4>\n<p>&nbsp;<\/p>\n<p>&nbsp;<\/p>\n<p>&nbsp;<\/p>\n<p>&nbsp;<\/p>\n<p>&nbsp;<\/p>\n<h4>Pour les agriculteurs et les d\u00e9cideurs politiques : le <a href=\"https:\/\/ecochestnut.eu\/wp-content\/uploads\/2022\/10\/Ecochestnut_handbook-fr.pdf\"><strong>Manuel EcoChestnut sur la Diversification du potentiel des ch\u00e2taigneraies<\/strong><\/a><\/h4>\n<p>&nbsp;<\/p>\n<p>Ce manuel fournit aux d\u00e9cideurs politiques et aux producteurs de ch\u00e2taignes des informations sur le potentiel sous-utilis\u00e9 des ch\u00e2taigneraies et de la production de ch\u00e2taignes. Il propose diff\u00e9rents moyens de diversification de la production de ch\u00e2taignes, illustr\u00e9s par des \u00e9tudes de cas. Il comprend 3 contenus principaux :<br \/>\n1. Une analyse sur les motivations pour la restauration des vergers de ch\u00e2taigniers.<br \/>\n2. Une grille de d\u00e9cision pour \u00e9valuer si un verger particulier vaut la peine d&rsquo;\u00eatre restaur\u00e9.<br \/>\n3. Des documents techniques et des \u00e9tudes de cas relatifs \u00e0 diff\u00e9rents sujets tels que la diversification agricole, l&rsquo;agritourisme, etc.<\/p>\n<h4><a href=\"https:\/\/ecochestnut.eu\/wp-content\/uploads\/2022\/10\/Ecochestnut_handbook-fr.pdf\"><img loading=\"lazy\" decoding=\"async\" class=\"alignleft wp-image-1442\" title=\"Manuel Ecochestnut\" src=\"https:\/\/ecochestnut.eu\/wp-content\/uploads\/2020\/04\/favicon-150x150.png\" alt=\"Manuel Ecochestnut\" width=\"61\" height=\"61\" srcset=\"https:\/\/ecochestnut.eu\/wp-content\/uploads\/2020\/04\/favicon-150x150.png 150w, https:\/\/ecochestnut.eu\/wp-content\/uploads\/2020\/04\/favicon-570x570.png 570w, https:\/\/ecochestnut.eu\/wp-content\/uploads\/2020\/04\/favicon-500x500.png 500w, https:\/\/ecochestnut.eu\/wp-content\/uploads\/2020\/04\/favicon-700x700.png 700w, https:\/\/ecochestnut.eu\/wp-content\/uploads\/2020\/04\/favicon.png 732w\" sizes=\"auto, (max-width: 61px) 100vw, 61px\" \/><\/a><\/h4>\n<p>&nbsp;<\/p>\n<p>&nbsp;<\/p>\n<p>[\/vc_column_text][\/vc_column][vc_column width=\u00a0\u00bb1\/2&Prime;]<div class=\"qode-scrolling-image-holder\">\n\t\t\t<div class=\"qode-si-title-holder\">\n\t\t\t<h2 class=\"qode-si-title\" >Le mod\u00e8le p\u00e9dagogique EcoChestnut<\/h2>\n\t\t<\/div>\n\t\t<div class=\"qode-si-content-holder\">\n\t\t\t\t\t<a href=\"https:\/\/ecochestnut.eu\/wp-content\/uploads\/2022\/09\/manuscript_page-0002-scaled.jpg\" target=\"_blank\"><\/a>\n\t\t\t\t<div class=\"qode-si-image-holder\">\n\t\t\t<div class=\"qode-si-image-holder-inner\">\n\t\t\t\t<img decoding=\"async\" class=\"qode-si-image\" src=\"https:\/\/ecochestnut.eu\/wp-content\/uploads\/2022\/09\/manuscript_page-0002-scaled.jpg\" alt=\"manuscript_page-0002>\" \/>\n\t\t\t<\/div>\n\t\t\t<img decoding=\"async\" class=\"qode-si-frame\" src=\"https:\/\/ecochestnut.eu\/wp-content\/themes\/bridge\/css\/img\/scrolling-image-frame.png\" alt=\"Scrolling Image Frame\" \/>\n\t\t<\/div>\n\t\t\t\t\t<div class=\"qode-si-icon-holder\">\n\t\t\t\t<a href=\"https:\/\/ecochestnut.eu\/wp-content\/uploads\/2022\/09\/manuscript_page-0002-scaled.jpg\" target=\"_blank\"><\/a>\n\t\t\t\t<div class=\"qode-si-icon-table\">\n\t\t\t\t\t<div class=\"qode-si-icon-cell\">\n\t\t\t\t\t\t<span aria-hidden=\"true\" class=\"qode-si-icon arrow_carrot-right\"><\/span>\n\t\t\t\t\t<\/div>\n\t\t\t\t<\/div>\n\t\t\t\t<div class=\"qode-si-icon-background\"  ><\/div>\n\t\t\t<\/div>\n\t\t\t<\/div>\n<\/div>[vc_empty_space][vc_column_text]<\/p>\n<p style=\"text-align: center;\"><strong>En savoir plus sur <a href=\"https:\/\/ecochestnut.eu\/wp-content\/uploads\/2022\/10\/IO-1-Learning-Model-Final-version.pdf\">EcoChestnut Learning model<\/a><\/strong><br \/>\n<a href=\"https:\/\/ecochestnut.eu\/wp-content\/uploads\/2022\/10\/IO-1-Learning-Model-Final-version.pdf\"><img loading=\"lazy\" decoding=\"async\" class=\"wp-image-1490 aligncenter\" src=\"https:\/\/ecochestnut.eu\/wp-content\/uploads\/2022\/10\/favicon-boost-150x150.png\" alt=\"\" width=\"90\" height=\"90\" srcset=\"https:\/\/ecochestnut.eu\/wp-content\/uploads\/2022\/10\/favicon-boost-150x150.png 150w, https:\/\/ecochestnut.eu\/wp-content\/uploads\/2022\/10\/favicon-boost-570x570.png 570w, https:\/\/ecochestnut.eu\/wp-content\/uploads\/2022\/10\/favicon-boost-500x500.png 500w, https:\/\/ecochestnut.eu\/wp-content\/uploads\/2022\/10\/favicon-boost-700x700.png 700w, https:\/\/ecochestnut.eu\/wp-content\/uploads\/2022\/10\/favicon-boost.png 732w\" sizes=\"auto, (max-width: 90px) 100vw, 90px\" \/><\/a><\/p>\n<p>[\/vc_column_text][\/vc_column][\/vc_row][vc_row css_animation=\u00a0\u00bb\u00a0\u00bb row_type=\u00a0\u00bbrow\u00a0\u00bb use_row_as_full_screen_section=\u00a0\u00bbno\u00a0\u00bb type=\u00a0\u00bbfull_width\u00a0\u00bb angled_section=\u00a0\u00bbno\u00a0\u00bb text_align=\u00a0\u00bbleft\u00a0\u00bb background_image_as_pattern=\u00a0\u00bbwithout_pattern\u00a0\u00bb][vc_column][vc_empty_space][\/vc_column][\/vc_row]<\/p>\n","protected":false},"excerpt":{"rendered":"<p>[vc_row css_animation=\u00a0\u00bb\u00a0\u00bb row_type=\u00a0\u00bbrow\u00a0\u00bb use_row_as_full_screen_section=\u00a0\u00bbno\u00a0\u00bb type=\u00a0\u00bbfull_width\u00a0\u00bb angled_section=\u00a0\u00bbno\u00a0\u00bb text_align=\u00a0\u00bbleft\u00a0\u00bb background_image_as_pattern=\u00a0\u00bbwithout_pattern\u00a0\u00bb][vc_column width=\u00a0\u00bb1\/2&Prime;][vc_column_text] Pour les formateurs : le Manuel EcoChestnut pour les formateurs &nbsp; Le manuel des formateurs EcoChestnut est un guide destin\u00e9 aux formateurs des producteurs de ch\u00e2taignes et \u00e0 toutes les organisations de soutien qui souhaitent utiliser&#8230;<\/p>\n","protected":false},"author":1,"featured_media":0,"parent":0,"menu_order":0,"comment_status":"closed","ping_status":"closed","template":"","meta":{"footnotes":""},"class_list":["post-498","page","type-page","status-publish","hentry"],"_links":{"self":[{"href":"https:\/\/ecochestnut.eu\/fr\/wp-json\/wp\/v2\/pages\/498","targetHints":{"allow":["GET"]}}],"collection":[{"href":"https:\/\/ecochestnut.eu\/fr\/wp-json\/wp\/v2\/pages"}],"about":[{"href":"https:\/\/ecochestnut.eu\/fr\/wp-json\/wp\/v2\/types\/page"}],"author":[{"embeddable":true,"href":"https:\/\/ecochestnut.eu\/fr\/wp-json\/wp\/v2\/users\/1"}],"replies":[{"embeddable":true,"href":"https:\/\/ecochestnut.eu\/fr\/wp-json\/wp\/v2\/comments?post=498"}],"version-history":[{"count":0,"href":"https:\/\/ecochestnut.eu\/fr\/wp-json\/wp\/v2\/pages\/498\/revisions"}],"wp:attachment":[{"href":"https:\/\/ecochestnut.eu\/fr\/wp-json\/wp\/v2\/media?parent=498"}],"curies":[{"name":"wp","href":"https:\/\/api.w.org\/{rel}","templated":true}]}}