


{"id":1181,"date":"2020-04-13T07:44:23","date_gmt":"2020-04-13T05:44:23","guid":{"rendered":"https:\/\/ecochestnut.eu\/castano-ecologico\/"},"modified":"2022-09-29T10:42:28","modified_gmt":"2022-09-29T08:42:28","slug":"formation-ecochestnut","status":"publish","type":"page","link":"https:\/\/ecochestnut.eu\/fr\/formation-ecochestnut\/","title":{"rendered":"Formation EcoChestnut"},"content":{"rendered":"<p>[vc_row css_animation=\u00a0\u00bb\u00a0\u00bb row_type=\u00a0\u00bbrow\u00a0\u00bb use_row_as_full_screen_section=\u00a0\u00bbno\u00a0\u00bb type=\u00a0\u00bbgrid\u00a0\u00bb angled_section=\u00a0\u00bbno\u00a0\u00bb text_align=\u00a0\u00bbcenter\u00a0\u00bb background_image_as_pattern=\u00a0\u00bbwithout_pattern\u00a0\u00bb css=\u00a0\u00bb.vc_custom_1643646834799{padding-bottom: 50px !important;}\u00a0\u00bb z_index=\u00a0\u00bb\u00a0\u00bb][vc_column width=\u00a0\u00bb1\/2&Prime;][vc_column_text]<\/p>\n<p style=\"text-align: left;\">La formation propos\u00e9e par le projet EcoChestnut comprend quatre Chapitres compos\u00e9s de plusieurs th\u00e8mes qui offrent une couverture compl\u00e8te de l&rsquo;ensemble de la production biologique de la ch\u00e2taigne, depuis ses enjeux agronomiques \u00e0 ceux de la commercialisation et du marketing. Ce cours montre \u00e9galement comment la production de ch\u00e2taignes biologiques peut \u00eatre un moteur de d\u00e9veloppement rural dans plusieurs r\u00e9gions d&rsquo;Europe.<\/p>\n<p style=\"text-align: left;\">L&rsquo;objectif principal de ce cours est de former les producteurs de ch\u00e2taignes dans toutes les diff\u00e9rentes phases de la culture des ch\u00e2taignes biologiques.<\/p>\n<p>&nbsp;<\/p>\n<p style=\"text-align: left;\">Les 4 Chapitres sont les suivants :<\/p>\n<ul>\n<li style=\"text-align: left;\"><strong>Comment produire des ch\u00e2taignes biologiques ?<\/strong><\/li>\n<li style=\"text-align: left;\"><strong>Traitements biologiques et biodynamiques\u00a0<\/strong><\/li>\n<li style=\"text-align: left;\"><strong>Commercialisation et marketing<\/strong><\/li>\n<li style=\"text-align: left;\"><strong>La castan\u00e9iculture, moteur du d\u00e9veloppement rural en Europe<\/strong><\/li>\n<\/ul>\n<p>&nbsp;<\/p>\n<p style=\"text-align: left;\">Chaque chapitre vous donnera acc\u00e8s \u00e0 plusieurs aspects du sujet\u00a0: th\u00e9orie, \u00e9tudes de cas, bibliographie et liens vers des informations suppl\u00e9mentaires, vid\u00e9os illustrant la th\u00e9matique, ainsi que des activit\u00e9s\/exercices qui vous aideront \u00e0 approfondir le sujet.<\/p>\n<p>&nbsp;<\/p>\n<p style=\"text-align: left;\">De plus, un quiz vous aidera \u00e0 \u00e9valuer vos nouvelles connaissances \u00e0 la fin de chaque sous-chapitre.<\/p>\n<p>&nbsp;<\/p>\n<p>&nbsp;<\/p>\n<p style=\"text-align: left;\"><strong>Acc\u00e9dez au cours EcoChestnut<\/strong> et inscrivez-vous gratuitement :<\/p>\n<p>&nbsp;<\/p>\n<p>[\/vc_column_text]<a  itemprop=\"url\" href=\"https:\/\/medcenv.org\/learn\/fr\/courses\/eco-chestnut\/\" target=\"_blank\"  class=\"qbutton  default\" style=\"\">Formation Ecochestnut<\/a>[vc_empty_space][\/vc_column][vc_column width=\u00a0\u00bb1\/2&Prime;][vc_column_text]<\/p>\n<p style=\"text-align: left;\">Lisez le <strong>Guide de l&rsquo;utilisateur<\/strong> :<\/p>\n<p>&nbsp;<\/p>\n<p style=\"text-align: left;\"><a href=\"https:\/\/ecochestnut.eu\/wp-content\/uploads\/2022\/09\/ECOCHESTNUT_Guide-utilisateur-FR.pdf\"><strong><img loading=\"lazy\" decoding=\"async\" class=\"wp-image-1292 size-thumbnail alignnone\" src=\"https:\/\/ecochestnut.eu\/wp-content\/uploads\/2022\/04\/ECOCHESTNUT_User-Guide_01.12.21-150x150.jpg\" alt=\"\" width=\"150\" height=\"150\" srcset=\"https:\/\/ecochestnut.eu\/wp-content\/uploads\/2022\/04\/ECOCHESTNUT_User-Guide_01.12.21-150x150.jpg 150w, https:\/\/ecochestnut.eu\/wp-content\/uploads\/2022\/04\/ECOCHESTNUT_User-Guide_01.12.21-570x570.jpg 570w, https:\/\/ecochestnut.eu\/wp-content\/uploads\/2022\/04\/ECOCHESTNUT_User-Guide_01.12.21-600x595.jpg 600w, https:\/\/ecochestnut.eu\/wp-content\/uploads\/2022\/04\/ECOCHESTNUT_User-Guide_01.12.21-500x500.jpg 500w\" sizes=\"auto, (max-width: 150px) 100vw, 150px\" \/><\/strong><\/a><\/p>\n<p>&nbsp;<\/p>\n<ul>\n<li style=\"text-align: left;\">Si vous d\u00e9cidez de travailler <strong>en compl\u00e8te autonomie<\/strong>, votre effort sera valid\u00e9 par un \u00ab\u00a0Certificat de compl\u00e9tion\u00a0\u00bb, automatiquement d\u00e9livr\u00e9 si vous remplissez avec succ\u00e8s tous les questionnaires d&rsquo;auto-\u00e9valuation fournis \u00e0 la fin de chaque chapitre.<\/li>\n<li style=\"text-align: left;\">Si vous participez \u00e0 une <strong>formation en pr\u00e9sentiel ou<\/strong> \u00e0 des <strong>sessions d&rsquo;apprentissage mixte<\/strong>, veuillez demander \u00e0 votre formateur le processus de certification.<\/li>\n<\/ul>\n<p>[\/vc_column_text][\/vc_column][\/vc_row][vc_row css_animation=\u00a0\u00bb\u00a0\u00bb row_type=\u00a0\u00bbrow\u00a0\u00bb use_row_as_full_screen_section=\u00a0\u00bbno\u00a0\u00bb type=\u00a0\u00bbfull_width\u00a0\u00bb angled_section=\u00a0\u00bbno\u00a0\u00bb text_align=\u00a0\u00bbleft\u00a0\u00bb background_image_as_pattern=\u00a0\u00bbwithout_pattern\u00a0\u00bb][vc_column][vc_column_text]<\/p>\n<p>[\/vc_column_text][\/vc_column][\/vc_row]<\/p>\n","protected":false},"excerpt":{"rendered":"<p>[vc_row css_animation=\u00a0\u00bb\u00a0\u00bb row_type=\u00a0\u00bbrow\u00a0\u00bb use_row_as_full_screen_section=\u00a0\u00bbno\u00a0\u00bb type=\u00a0\u00bbgrid\u00a0\u00bb angled_section=\u00a0\u00bbno\u00a0\u00bb text_align=\u00a0\u00bbcenter\u00a0\u00bb background_image_as_pattern=\u00a0\u00bbwithout_pattern\u00a0\u00bb css=\u00a0\u00bb.vc_custom_1643646834799{padding-bottom: 50px !important;}\u00a0\u00bb z_index=\u00a0\u00bb\u00a0\u00bb][vc_column width=\u00a0\u00bb1\/2&Prime;][vc_column_text] La formation propos\u00e9e par le projet EcoChestnut comprend quatre Chapitres compos\u00e9s de plusieurs th\u00e8mes qui offrent une couverture compl\u00e8te de l&rsquo;ensemble de la production biologique de la ch\u00e2taigne, depuis ses enjeux agronomiques&#8230;<\/p>\n","protected":false},"author":1,"featured_media":0,"parent":0,"menu_order":0,"comment_status":"closed","ping_status":"closed","template":"","meta":{"footnotes":""},"class_list":["post-1181","page","type-page","status-publish","hentry"],"_links":{"self":[{"href":"https:\/\/ecochestnut.eu\/fr\/wp-json\/wp\/v2\/pages\/1181","targetHints":{"allow":["GET"]}}],"collection":[{"href":"https:\/\/ecochestnut.eu\/fr\/wp-json\/wp\/v2\/pages"}],"about":[{"href":"https:\/\/ecochestnut.eu\/fr\/wp-json\/wp\/v2\/types\/page"}],"author":[{"embeddable":true,"href":"https:\/\/ecochestnut.eu\/fr\/wp-json\/wp\/v2\/users\/1"}],"replies":[{"embeddable":true,"href":"https:\/\/ecochestnut.eu\/fr\/wp-json\/wp\/v2\/comments?post=1181"}],"version-history":[{"count":0,"href":"https:\/\/ecochestnut.eu\/fr\/wp-json\/wp\/v2\/pages\/1181\/revisions"}],"wp:attachment":[{"href":"https:\/\/ecochestnut.eu\/fr\/wp-json\/wp\/v2\/media?parent=1181"}],"curies":[{"name":"wp","href":"https:\/\/api.w.org\/{rel}","templated":true}]}}